{"id":2,"date":"2022-07-30T10:51:00","date_gmt":"2022-07-30T10:51:00","guid":{"rendered":"http:\/\/blog.garage42.org\/g42\/blog\/?page_id=2"},"modified":"2023-08-06T09:34:53","modified_gmt":"2023-08-06T09:34:53","slug":"sample-page","status":"publish","type":"page","link":"https:\/\/blog.garage42.org\/g42\/blog\/","title":{"rendered":"Garage42"},"content":{"rendered":"\n<h3 class=\"wp-block-heading\">Willkommen beim Garage42 Blog! <\/h3>\n\n\n\n<figure class=\"wp-block-image size-full is-resized is-style-default\"><img loading=\"lazy\" decoding=\"async\" src=\"https:\/\/blog.garage42.org\/g42\/blog\/wp-content\/uploads\/2022\/08\/Garage42Logo3.png\" alt=\"\" class=\"wp-image-123\" width=\"142\" height=\"214\" srcset=\"https:\/\/blog.garage42.org\/g42\/blog\/wp-content\/uploads\/2022\/08\/Garage42Logo3.png 569w, https:\/\/blog.garage42.org\/g42\/blog\/wp-content\/uploads\/2022\/08\/Garage42Logo3-199x300.png 199w\" sizes=\"auto, (max-width: 142px) 100vw, 142px\" \/><\/figure>\n\n\n\n<p>Hier erfahrt ihr mehr \u00fcber die Aktivit\u00e4ten des Projekts &#8222;Garage42&#8220;. <br>Der <strong><a rel=\"noreferrer noopener\" href=\"https:\/\/blog.garage42.org\/g42\/blog\/blog\/\" data-type=\"URL\" data-id=\"https:\/\/blog.garage42.org\/g42\/blog\/blog\/\" target=\"_blank\">Blog<\/a> <\/strong>soll Euch einen Eindruck vermitteln, woran bei Garage42 gerade gearbeitet wird, und welche Aktivit\u00e4ten aktuell in M\u00fcnchner Nachbarschafts-Werkst\u00e4tten laufen.<\/p>\n\n\n\n<p>Zum Einstieg und f\u00fcr einen schnellen \u00dcberblick empfehle ich diese Artikel hier:<\/p>\n\n\n\n<ul class=\"wp-block-list\">\n<li>Der Artikel &#8222;<a href=\"https:\/\/blog.garage42.org\/g42\/blog\/uncategorized\/garage42-wie-alles-begann-und-warum-ueberhaupt\/\" data-type=\"post\" data-id=\"35\">Wie alles begann und warum \u00fcberhaupt?<\/a>&#8220; beschreibt wie es zu Garage42 kam, und welche Ideen dahinter stecken.<\/li>\n\n\n\n<li>Die Workshop-Seite &#8222;<a href=\"https:\/\/blog.garage42.org\/g42\/blog\/workshop-nachbarfraesen-nebenan\/\" data-type=\"page\" data-id=\"130\">Nachbarn fr\u00e4sen Nebenan<\/a>&#8220; liefert mehr Details zum Grundlagen-Kurs mit der Shaper Origin Oberfr\u00e4se.<\/li>\n\n\n\n<li>Im Artikel &#8222;<a href=\"https:\/\/blog.garage42.org\/g42\/blog\/uncategorized\/openstructures-ein-ueberblick\/\" data-type=\"post\" data-id=\"42\">OpenStructures &#8211; ein \u00dcberblick<\/a>&#8220; kann man sich einen schnellen Eindruck verschaffen, welche cleveren Grundprinzipien hinter OpenStructures stecken, und was mit diesem Konstruktionsmodell heute schon m\u00f6glich ist.<\/li>\n\n\n\n<li>Der Artikel &#8222;<a href=\"https:\/\/blog.garage42.org\/g42\/blog\/uncategorized\/erster-openstructures-prototyp-24-module\/\" data-type=\"URL\" data-id=\"https:\/\/blog.garage42.org\/g42\/blog\/uncategorized\/erster-openstructures-prototyp-24-module\/\">Erster OpenStructures Prototyp: 24&#8243; Module<\/a>&#8220; dokumentiert meine Erfahrung beim Bau meines ersten konkreten OpenStructures M\u00f6belst\u00fccks.<\/li>\n<\/ul>\n\n\n\n<p>Ich w\u00fcnsche euch viel Spa\u00df beim Lesen, und vielleicht treffen wir uns ja demn\u00e4chst mal pers\u00f6nlich in der Garage42!<\/p>\n\n\n\n<p>Robert <\/p>\n","protected":false},"excerpt":{"rendered":"<p>Willkommen beim Garage42 Blog! Hier erfahrt ihr mehr \u00fcber die Aktivit\u00e4ten des Projekts &#8222;Garage42&#8220;. Der Blog soll Euch einen Eindruck vermitteln, woran bei Garage42 gerade gearbeitet wird, und welche Aktivit\u00e4ten aktuell in M\u00fcnchner Nachbarschafts-Werkst\u00e4tten laufen. Zum Einstieg und f\u00fcr einen schnellen \u00dcberblick empfehle ich diese Artikel hier: Ich w\u00fcnsche euch viel Spa\u00df beim Lesen, und &hellip; <a href=\"https:\/\/blog.garage42.org\/g42\/blog\/\" class=\"more-link\"><span class=\"screen-reader-text\">Garage42<\/span> weiterlesen<\/a><\/p>\n","protected":false},"author":1,"featured_media":0,"parent":0,"menu_order":0,"comment_status":"closed","ping_status":"open","template":"","meta":{"footnotes":""},"class_list":["post-2","page","type-page","status-publish","hentry"],"_links":{"self":[{"href":"https:\/\/blog.garage42.org\/g42\/blog\/wp-json\/wp\/v2\/pages\/2","targetHints":{"allow":["GET"]}}],"collection":[{"href":"https:\/\/blog.garage42.org\/g42\/blog\/wp-json\/wp\/v2\/pages"}],"about":[{"href":"https:\/\/blog.garage42.org\/g42\/blog\/wp-json\/wp\/v2\/types\/page"}],"author":[{"embeddable":true,"href":"https:\/\/blog.garage42.org\/g42\/blog\/wp-json\/wp\/v2\/users\/1"}],"replies":[{"embeddable":true,"href":"https:\/\/blog.garage42.org\/g42\/blog\/wp-json\/wp\/v2\/comments?post=2"}],"version-history":[{"count":14,"href":"https:\/\/blog.garage42.org\/g42\/blog\/wp-json\/wp\/v2\/pages\/2\/revisions"}],"predecessor-version":[{"id":251,"href":"https:\/\/blog.garage42.org\/g42\/blog\/wp-json\/wp\/v2\/pages\/2\/revisions\/251"}],"wp:attachment":[{"href":"https:\/\/blog.garage42.org\/g42\/blog\/wp-json\/wp\/v2\/media?parent=2"}],"curies":[{"name":"wp","href":"https:\/\/api.w.org\/{rel}","templated":true}]}}